{"id":1385,"date":"2024-07-09T15:35:14","date_gmt":"2024-07-09T13:35:14","guid":{"rendered":"http:\/\/lineasartoriale.com\/chi-siamo\/"},"modified":"2024-09-25T08:11:50","modified_gmt":"2024-09-25T06:11:50","slug":"chi-siamo","status":"publish","type":"page","link":"http:\/\/lineasartoriale.com\/fr\/chi-siamo\/","title":{"rendered":"A propos de nous"},"content":{"rendered":"\t\t<div data-elementor-type=\"wp-page\" data-elementor-id=\"1385\" class=\"elementor elementor-1385 elementor-121\" data-elementor-post-type=\"page\">\n\t\t\t\t<div class=\"elementor-element elementor-element-6deb626 e-con-full e-flex e-con e-parent\" data-id=\"6deb626\" data-element_type=\"container\">\n\t\t\t\t<div class=\"elementor-element elementor-element-12f55cf elementor-widget elementor-widget-image\" data-id=\"12f55cf\" data-element_type=\"widget\" data-widget_type=\"image.default\">\n\t\t\t\t<div class=\"elementor-widget-container\">\n\t\t\t\t\t\t\t\t\t\t\t\t\t<img fetchpriority=\"high\" decoding=\"async\" width=\"2560\" height=\"1708\" src=\"http:\/\/lineasartoriale.com\/wp-content\/uploads\/2024\/09\/FOTO1-scaled.jpg\" class=\"attachment-full size-full wp-image-388\" alt=\"\" srcset=\"http:\/\/lineasartoriale.com\/wp-content\/uploads\/2024\/09\/FOTO1-scaled.jpg 2560w, http:\/\/lineasartoriale.com\/wp-content\/uploads\/2024\/09\/FOTO1-300x200.jpg 300w, http:\/\/lineasartoriale.com\/wp-content\/uploads\/2024\/09\/FOTO1-1024x683.jpg 1024w, http:\/\/lineasartoriale.com\/wp-content\/uploads\/2024\/09\/FOTO1-768x512.jpg 768w, http:\/\/lineasartoriale.com\/wp-content\/uploads\/2024\/09\/FOTO1-1536x1025.jpg 1536w, http:\/\/lineasartoriale.com\/wp-content\/uploads\/2024\/09\/FOTO1-2048x1366.jpg 2048w\" sizes=\"(max-width: 2560px) 100vw, 2560px\" \/>\t\t\t\t\t\t\t\t\t\t\t\t\t<\/div>\n\t\t\t\t<\/div>\n\t\t\t\t<\/div>\n\t\t<div class=\"elementor-element elementor-element-d4c603b e-flex e-con-boxed e-con e-parent\" data-id=\"d4c603b\" data-element_type=\"container\">\n\t\t\t\t\t<div class=\"e-con-inner\">\n\t\t\t\t<div class=\"elementor-element elementor-element-a2bfcc8 elementor-widget elementor-widget-text-editor\" data-id=\"a2bfcc8\" data-element_type=\"widget\" data-widget_type=\"text-editor.default\">\n\t\t\t\t<div class=\"elementor-widget-container\">\n\t\t\t\t\t\t\t<p>La <strong>ligne Sartoriale MILANO<\/strong>, o\u00f9 l&rsquo;\u00e9l\u00e9gance rencontre la tradition et l&rsquo;innovation l&rsquo;artisanat.<br \/>\nNotre passion est de cr\u00e9er des v\u00eatements uniques qui expriment la personnalit\u00e9 et le style de la personne qui les porte. <\/p>\n<p>Notre histoire est celle d&rsquo;une passion pour l&rsquo;art du tailleur, transmise de g\u00e9n\u00e9ration en g\u00e9n\u00e9ration.<br \/>\nChacun de nos v\u00eatements est le r\u00e9sultat d&rsquo;heures de travail m\u00e9ticuleux, r\u00e9alis\u00e9 avec des mat\u00e9riaux de la plus haute qualit\u00e9 et des techniques de confection raffin\u00e9es qui respectent la tradition sans sacrifier l&rsquo;innovation.<br \/>\nNous croyons fermement que chaque d\u00e9tail fait la diff\u00e9rence, c&rsquo;est pourquoi nous apportons le plus grand soin \u00e0 chaque \u00e9tape du processus de production.  <\/p>\n\t\t\t\t\t\t<\/div>\n\t\t\t\t<\/div>\n\t\t\t\t\t<\/div>\n\t\t\t\t<\/div>\n\t\t<div class=\"elementor-element elementor-element-3d00b08 e-con-full e-flex e-con e-parent\" data-id=\"3d00b08\" data-element_type=\"container\">\n\t\t\t\t<div class=\"elementor-element elementor-element-5283ab6 elementor-widget elementor-widget-image\" data-id=\"5283ab6\" data-element_type=\"widget\" data-widget_type=\"image.default\">\n\t\t\t\t<div class=\"elementor-widget-container\">\n\t\t\t\t\t\t\t\t\t\t\t\t\t<img decoding=\"async\" width=\"2560\" height=\"1262\" src=\"http:\/\/lineasartoriale.com\/wp-content\/uploads\/2024\/09\/FOTO2-scaled.jpg\" class=\"attachment-full size-full wp-image-390\" alt=\"\" srcset=\"http:\/\/lineasartoriale.com\/wp-content\/uploads\/2024\/09\/FOTO2-scaled.jpg 2560w, http:\/\/lineasartoriale.com\/wp-content\/uploads\/2024\/09\/FOTO2-300x148.jpg 300w, http:\/\/lineasartoriale.com\/wp-content\/uploads\/2024\/09\/FOTO2-1024x505.jpg 1024w, http:\/\/lineasartoriale.com\/wp-content\/uploads\/2024\/09\/FOTO2-768x379.jpg 768w, http:\/\/lineasartoriale.com\/wp-content\/uploads\/2024\/09\/FOTO2-1536x757.jpg 1536w, http:\/\/lineasartoriale.com\/wp-content\/uploads\/2024\/09\/FOTO2-2048x1009.jpg 2048w\" sizes=\"(max-width: 2560px) 100vw, 2560px\" \/>\t\t\t\t\t\t\t\t\t\t\t\t\t<\/div>\n\t\t\t\t<\/div>\n\t\t\t\t<\/div>\n\t\t<div class=\"elementor-element elementor-element-4f5cf33 e-flex e-con-boxed e-con e-parent\" data-id=\"4f5cf33\" data-element_type=\"container\">\n\t\t\t\t\t<div class=\"e-con-inner\">\n\t\t\t\t<div class=\"elementor-element elementor-element-4279696 elementor-widget elementor-widget-text-editor\" data-id=\"4279696\" data-element_type=\"widget\" data-widget_type=\"text-editor.default\">\n\t\t\t\t<div class=\"elementor-widget-container\">\n\t\t\t\t\t\t\t<p>Notre objectif est d&rsquo;offrir \u00e0 nos clients une exp\u00e9rience unique et personnalis\u00e9e.<br \/>\nChaque robe que nous fabriquons est faite sur mesure, con\u00e7ue et cr\u00e9\u00e9e pour mettre en valeur la silhouette et les go\u00fbts de la personne qui la porte.<br \/>\nNous travaillons en \u00e9troite collaboration avec nos clientes, \u00e0 l&rsquo;\u00e9coute de leurs besoins et de leurs pr\u00e9f\u00e9rences, afin de cr\u00e9er des v\u00eatements qui non seulement s&rsquo;adaptent parfaitement \u00e0 leur corps, mais qui racontent aussi leur histoire.  <\/p>\n<p>Nous sommes fiers de perp\u00e9tuer l&rsquo;excellence sartoriale italienne, en alliant tradition et modernit\u00e9 pour cr\u00e9er des v\u00eatements intemporels.<\/p>\n\t\t\t\t\t\t<\/div>\n\t\t\t\t<\/div>\n\t\t\t\t\t<\/div>\n\t\t\t\t<\/div>\n\t\t\t\t<\/div>\n\t\t","protected":false},"excerpt":{"rendered":"<p>La ligne Sartoriale MILANO, o\u00f9 l&rsquo;\u00e9l\u00e9gance rencontre la tradition et l&rsquo;innovation l&rsquo;artisanat. Notre passion est de cr\u00e9er des v\u00eatements uniques qui expriment la personnalit\u00e9 et le style de la personne qui les porte. Notre histoire est celle d&rsquo;une passion pour l&rsquo;art du tailleur, transmise de g\u00e9n\u00e9ration en g\u00e9n\u00e9ration. Chacun de nos v\u00eatements est le r\u00e9sultat &#8230; <a title=\"A propos de nous\" class=\"read-more\" href=\"http:\/\/lineasartoriale.com\/fr\/chi-siamo\/\" aria-label=\"En savoir plus sur A propos de nous\">Lire la suite<\/a><\/p>\n","protected":false},"author":1,"featured_media":0,"parent":0,"menu_order":0,"comment_status":"closed","ping_status":"closed","template":"elementor_header_footer","meta":{"footnotes":""},"class_list":["post-1385","page","type-page","status-publish"],"_links":{"self":[{"href":"http:\/\/lineasartoriale.com\/fr\/wp-json\/wp\/v2\/pages\/1385"}],"collection":[{"href":"http:\/\/lineasartoriale.com\/fr\/wp-json\/wp\/v2\/pages"}],"about":[{"href":"http:\/\/lineasartoriale.com\/fr\/wp-json\/wp\/v2\/types\/page"}],"author":[{"embeddable":true,"href":"http:\/\/lineasartoriale.com\/fr\/wp-json\/wp\/v2\/users\/1"}],"replies":[{"embeddable":true,"href":"http:\/\/lineasartoriale.com\/fr\/wp-json\/wp\/v2\/comments?post=1385"}],"version-history":[{"count":2,"href":"http:\/\/lineasartoriale.com\/fr\/wp-json\/wp\/v2\/pages\/1385\/revisions"}],"predecessor-version":[{"id":1427,"href":"http:\/\/lineasartoriale.com\/fr\/wp-json\/wp\/v2\/pages\/1385\/revisions\/1427"}],"wp:attachment":[{"href":"http:\/\/lineasartoriale.com\/fr\/wp-json\/wp\/v2\/media?parent=1385"}],"curies":[{"name":"wp","href":"https:\/\/api.w.org\/{rel}","templated":true}]}}