{"id":1387,"date":"2024-07-09T15:35:14","date_gmt":"2024-07-09T13:35:14","guid":{"rendered":"http:\/\/lineasartoriale.com\/chi-siamo\/"},"modified":"2024-09-25T08:12:41","modified_gmt":"2024-09-25T06:12:41","slug":"chi-siamo","status":"publish","type":"page","link":"http:\/\/lineasartoriale.com\/es\/chi-siamo\/","title":{"rendered":"Sobre nosotros"},"content":{"rendered":"\t\t<div data-elementor-type=\"wp-page\" data-elementor-id=\"1387\" class=\"elementor elementor-1387 elementor-121\" data-elementor-post-type=\"page\">\n\t\t\t\t<div class=\"elementor-element elementor-element-6deb626 e-con-full e-flex e-con e-parent\" data-id=\"6deb626\" data-element_type=\"container\">\n\t\t\t\t<div class=\"elementor-element elementor-element-12f55cf elementor-widget elementor-widget-image\" data-id=\"12f55cf\" data-element_type=\"widget\" data-widget_type=\"image.default\">\n\t\t\t\t<div class=\"elementor-widget-container\">\n\t\t\t\t\t\t\t\t\t\t\t\t\t<img fetchpriority=\"high\" decoding=\"async\" width=\"2560\" height=\"1708\" src=\"http:\/\/lineasartoriale.com\/wp-content\/uploads\/2024\/09\/FOTO1-scaled.jpg\" class=\"attachment-full size-full wp-image-388\" alt=\"\" srcset=\"http:\/\/lineasartoriale.com\/wp-content\/uploads\/2024\/09\/FOTO1-scaled.jpg 2560w, http:\/\/lineasartoriale.com\/wp-content\/uploads\/2024\/09\/FOTO1-300x200.jpg 300w, http:\/\/lineasartoriale.com\/wp-content\/uploads\/2024\/09\/FOTO1-1024x683.jpg 1024w, http:\/\/lineasartoriale.com\/wp-content\/uploads\/2024\/09\/FOTO1-768x512.jpg 768w, http:\/\/lineasartoriale.com\/wp-content\/uploads\/2024\/09\/FOTO1-1536x1025.jpg 1536w, http:\/\/lineasartoriale.com\/wp-content\/uploads\/2024\/09\/FOTO1-2048x1366.jpg 2048w\" sizes=\"(max-width: 2560px) 100vw, 2560px\" \/>\t\t\t\t\t\t\t\t\t\t\t\t\t<\/div>\n\t\t\t\t<\/div>\n\t\t\t\t<\/div>\n\t\t<div class=\"elementor-element elementor-element-d4c603b e-flex e-con-boxed e-con e-parent\" data-id=\"d4c603b\" data-element_type=\"container\">\n\t\t\t\t\t<div class=\"e-con-inner\">\n\t\t\t\t<div class=\"elementor-element elementor-element-a2bfcc8 elementor-widget elementor-widget-text-editor\" data-id=\"a2bfcc8\" data-element_type=\"widget\" data-widget_type=\"text-editor.default\">\n\t\t\t\t<div class=\"elementor-widget-container\">\n\t\t\t\t\t\t\t<p><strong>La l\u00ednea Sartoriale MILANO<\/strong>, donde la elegancia se une a la tradici\u00f3n y la innovaci\u00f3n a la artesan\u00eda.<br \/>\nNuestra pasi\u00f3n es crear prendas \u00fanicas que expresen la personalidad y el estilo de quien las lleva. <\/p>\n<p>Nuestra historia nace de la pasi\u00f3n por el arte de la sastrer\u00eda, transmitida de generaci\u00f3n en generaci\u00f3n.<br \/>\nCada una de nuestras prendas es el resultado de horas de trabajo meticuloso, confeccionadas con materiales de la m\u00e1s alta calidad y refinadas t\u00e9cnicas de sastrer\u00eda que respetan la tradici\u00f3n sin sacrificar la innovaci\u00f3n.<br \/>\nCreemos firmemente que cada detalle marca la diferencia, por eso cuidamos al m\u00e1ximo cada fase del proceso de producci\u00f3n.  <\/p>\n\t\t\t\t\t\t<\/div>\n\t\t\t\t<\/div>\n\t\t\t\t\t<\/div>\n\t\t\t\t<\/div>\n\t\t<div class=\"elementor-element elementor-element-3d00b08 e-con-full e-flex e-con e-parent\" data-id=\"3d00b08\" data-element_type=\"container\">\n\t\t\t\t<div class=\"elementor-element elementor-element-5283ab6 elementor-widget elementor-widget-image\" data-id=\"5283ab6\" data-element_type=\"widget\" data-widget_type=\"image.default\">\n\t\t\t\t<div class=\"elementor-widget-container\">\n\t\t\t\t\t\t\t\t\t\t\t\t\t<img decoding=\"async\" width=\"2560\" height=\"1262\" src=\"http:\/\/lineasartoriale.com\/wp-content\/uploads\/2024\/09\/FOTO2-scaled.jpg\" class=\"attachment-full size-full wp-image-390\" alt=\"\" srcset=\"http:\/\/lineasartoriale.com\/wp-content\/uploads\/2024\/09\/FOTO2-scaled.jpg 2560w, http:\/\/lineasartoriale.com\/wp-content\/uploads\/2024\/09\/FOTO2-300x148.jpg 300w, http:\/\/lineasartoriale.com\/wp-content\/uploads\/2024\/09\/FOTO2-1024x505.jpg 1024w, http:\/\/lineasartoriale.com\/wp-content\/uploads\/2024\/09\/FOTO2-768x379.jpg 768w, http:\/\/lineasartoriale.com\/wp-content\/uploads\/2024\/09\/FOTO2-1536x757.jpg 1536w, http:\/\/lineasartoriale.com\/wp-content\/uploads\/2024\/09\/FOTO2-2048x1009.jpg 2048w\" sizes=\"(max-width: 2560px) 100vw, 2560px\" \/>\t\t\t\t\t\t\t\t\t\t\t\t\t<\/div>\n\t\t\t\t<\/div>\n\t\t\t\t<\/div>\n\t\t<div class=\"elementor-element elementor-element-4f5cf33 e-flex e-con-boxed e-con e-parent\" data-id=\"4f5cf33\" data-element_type=\"container\">\n\t\t\t\t\t<div class=\"e-con-inner\">\n\t\t\t\t<div class=\"elementor-element elementor-element-4279696 elementor-widget elementor-widget-text-editor\" data-id=\"4279696\" data-element_type=\"widget\" data-widget_type=\"text-editor.default\">\n\t\t\t\t<div class=\"elementor-widget-container\">\n\t\t\t\t\t\t\t<p>Nuestro objetivo es ofrecer a nuestros clientes una experiencia \u00fanica y personalizada.<br \/>\nCada vestido que confeccionamos est\u00e1 hecho a medida, dise\u00f1ado y creado para realzar al m\u00e1ximo la figura y el gusto de quien lo lleva.<br \/>\nTrabajamos en estrecha colaboraci\u00f3n con nuestras clientas, escuchando sus necesidades y preferencias, para crear prendas que no s\u00f3lo se ajusten perfectamente a su cuerpo, sino que tambi\u00e9n cuenten su historia.  <\/p>\n<p>Estamos orgullosos de continuar la excelencia sartorial italiana, combinando tradici\u00f3n y modernidad para crear prendas atemporales.<\/p>\n\t\t\t\t\t\t<\/div>\n\t\t\t\t<\/div>\n\t\t\t\t\t<\/div>\n\t\t\t\t<\/div>\n\t\t\t\t<\/div>\n\t\t","protected":false},"excerpt":{"rendered":"<p>La l\u00ednea Sartoriale MILANO, donde la elegancia se une a la tradici\u00f3n y la innovaci\u00f3n a la artesan\u00eda. Nuestra pasi\u00f3n es crear prendas \u00fanicas que expresen la personalidad y el estilo de quien las lleva. Nuestra historia nace de la pasi\u00f3n por el arte de la sastrer\u00eda, transmitida de generaci\u00f3n en generaci\u00f3n. Cada una de &#8230; <a title=\"Sobre nosotros\" class=\"read-more\" href=\"http:\/\/lineasartoriale.com\/es\/chi-siamo\/\" aria-label=\"Leer m\u00e1s sobre Sobre nosotros\">Leer m\u00e1s<\/a><\/p>\n","protected":false},"author":1,"featured_media":0,"parent":0,"menu_order":0,"comment_status":"closed","ping_status":"closed","template":"elementor_header_footer","meta":{"footnotes":""},"class_list":["post-1387","page","type-page","status-publish"],"_links":{"self":[{"href":"http:\/\/lineasartoriale.com\/es\/wp-json\/wp\/v2\/pages\/1387"}],"collection":[{"href":"http:\/\/lineasartoriale.com\/es\/wp-json\/wp\/v2\/pages"}],"about":[{"href":"http:\/\/lineasartoriale.com\/es\/wp-json\/wp\/v2\/types\/page"}],"author":[{"embeddable":true,"href":"http:\/\/lineasartoriale.com\/es\/wp-json\/wp\/v2\/users\/1"}],"replies":[{"embeddable":true,"href":"http:\/\/lineasartoriale.com\/es\/wp-json\/wp\/v2\/comments?post=1387"}],"version-history":[{"count":2,"href":"http:\/\/lineasartoriale.com\/es\/wp-json\/wp\/v2\/pages\/1387\/revisions"}],"predecessor-version":[{"id":1433,"href":"http:\/\/lineasartoriale.com\/es\/wp-json\/wp\/v2\/pages\/1387\/revisions\/1433"}],"wp:attachment":[{"href":"http:\/\/lineasartoriale.com\/es\/wp-json\/wp\/v2\/media?parent=1387"}],"curies":[{"name":"wp","href":"https:\/\/api.w.org\/{rel}","templated":true}]}}