{"id":1386,"date":"2024-07-09T15:35:14","date_gmt":"2024-07-09T13:35:14","guid":{"rendered":"http:\/\/lineasartoriale.com\/chi-siamo\/"},"modified":"2024-09-25T08:11:59","modified_gmt":"2024-09-25T06:11:59","slug":"chi-siamo","status":"publish","type":"page","link":"http:\/\/lineasartoriale.com\/de\/chi-siamo\/","title":{"rendered":"\u00dcber uns"},"content":{"rendered":"\t\t<div data-elementor-type=\"wp-page\" data-elementor-id=\"1386\" class=\"elementor elementor-1386 elementor-121\" data-elementor-post-type=\"page\">\n\t\t\t\t<div class=\"elementor-element elementor-element-6deb626 e-con-full e-flex e-con e-parent\" data-id=\"6deb626\" data-element_type=\"container\">\n\t\t\t\t<div class=\"elementor-element elementor-element-12f55cf elementor-widget elementor-widget-image\" data-id=\"12f55cf\" data-element_type=\"widget\" data-widget_type=\"image.default\">\n\t\t\t\t<div class=\"elementor-widget-container\">\n\t\t\t\t\t\t\t\t\t\t\t\t\t<img fetchpriority=\"high\" decoding=\"async\" width=\"2560\" height=\"1708\" src=\"http:\/\/lineasartoriale.com\/wp-content\/uploads\/2024\/09\/FOTO1-scaled.jpg\" class=\"attachment-full size-full wp-image-388\" alt=\"\" srcset=\"http:\/\/lineasartoriale.com\/wp-content\/uploads\/2024\/09\/FOTO1-scaled.jpg 2560w, http:\/\/lineasartoriale.com\/wp-content\/uploads\/2024\/09\/FOTO1-300x200.jpg 300w, http:\/\/lineasartoriale.com\/wp-content\/uploads\/2024\/09\/FOTO1-1024x683.jpg 1024w, http:\/\/lineasartoriale.com\/wp-content\/uploads\/2024\/09\/FOTO1-768x512.jpg 768w, http:\/\/lineasartoriale.com\/wp-content\/uploads\/2024\/09\/FOTO1-1536x1025.jpg 1536w, http:\/\/lineasartoriale.com\/wp-content\/uploads\/2024\/09\/FOTO1-2048x1366.jpg 2048w\" sizes=\"(max-width: 2560px) 100vw, 2560px\" \/>\t\t\t\t\t\t\t\t\t\t\t\t\t<\/div>\n\t\t\t\t<\/div>\n\t\t\t\t<\/div>\n\t\t<div class=\"elementor-element elementor-element-d4c603b e-flex e-con-boxed e-con e-parent\" data-id=\"d4c603b\" data-element_type=\"container\">\n\t\t\t\t\t<div class=\"e-con-inner\">\n\t\t\t\t<div class=\"elementor-element elementor-element-a2bfcc8 elementor-widget elementor-widget-text-editor\" data-id=\"a2bfcc8\" data-element_type=\"widget\" data-widget_type=\"text-editor.default\">\n\t\t\t\t<div class=\"elementor-widget-container\">\n\t\t\t\t\t\t\t<p><strong>Sartoriale MILANO Linie<\/strong>, wo Eleganz auf Tradition und Innovation auf Handwerkskunst trifft.<br \/>\nUnsere Leidenschaft ist es, einzigartige Kleidung zu kreieren, die die Pers\u00f6nlichkeit und den Stil des Tr\u00e4gers zum Ausdruck bringt. <\/p>\n<p>Unsere Geschichte entspringt einer Leidenschaft f\u00fcr die Schneiderkunst, die von Generation zu Generation weitergegeben wird.<br \/>\nJedes unserer Kleidungsst\u00fccke ist das Ergebnis stundenlanger, akribischer Arbeit, hergestellt mit den hochwertigsten Materialien und raffinierten Schneidertechniken, die die Tradition respektieren, ohne die Innovation zu opfern.<br \/>\nWir sind der festen \u00dcberzeugung, dass jedes Detail den Unterschied ausmacht, weshalb wir in jeder Phase des Produktionsprozesses gro\u00dfe Sorgfalt walten lassen.  <\/p>\n\t\t\t\t\t\t<\/div>\n\t\t\t\t<\/div>\n\t\t\t\t\t<\/div>\n\t\t\t\t<\/div>\n\t\t<div class=\"elementor-element elementor-element-3d00b08 e-con-full e-flex e-con e-parent\" data-id=\"3d00b08\" data-element_type=\"container\">\n\t\t\t\t<div class=\"elementor-element elementor-element-5283ab6 elementor-widget elementor-widget-image\" data-id=\"5283ab6\" data-element_type=\"widget\" data-widget_type=\"image.default\">\n\t\t\t\t<div class=\"elementor-widget-container\">\n\t\t\t\t\t\t\t\t\t\t\t\t\t<img decoding=\"async\" width=\"2560\" height=\"1262\" src=\"http:\/\/lineasartoriale.com\/wp-content\/uploads\/2024\/09\/FOTO2-scaled.jpg\" class=\"attachment-full size-full wp-image-390\" alt=\"\" srcset=\"http:\/\/lineasartoriale.com\/wp-content\/uploads\/2024\/09\/FOTO2-scaled.jpg 2560w, http:\/\/lineasartoriale.com\/wp-content\/uploads\/2024\/09\/FOTO2-300x148.jpg 300w, http:\/\/lineasartoriale.com\/wp-content\/uploads\/2024\/09\/FOTO2-1024x505.jpg 1024w, http:\/\/lineasartoriale.com\/wp-content\/uploads\/2024\/09\/FOTO2-768x379.jpg 768w, http:\/\/lineasartoriale.com\/wp-content\/uploads\/2024\/09\/FOTO2-1536x757.jpg 1536w, http:\/\/lineasartoriale.com\/wp-content\/uploads\/2024\/09\/FOTO2-2048x1009.jpg 2048w\" sizes=\"(max-width: 2560px) 100vw, 2560px\" \/>\t\t\t\t\t\t\t\t\t\t\t\t\t<\/div>\n\t\t\t\t<\/div>\n\t\t\t\t<\/div>\n\t\t<div class=\"elementor-element elementor-element-4f5cf33 e-flex e-con-boxed e-con e-parent\" data-id=\"4f5cf33\" data-element_type=\"container\">\n\t\t\t\t\t<div class=\"e-con-inner\">\n\t\t\t\t<div class=\"elementor-element elementor-element-4279696 elementor-widget elementor-widget-text-editor\" data-id=\"4279696\" data-element_type=\"widget\" data-widget_type=\"text-editor.default\">\n\t\t\t\t<div class=\"elementor-widget-container\">\n\t\t\t\t\t\t\t<p>Unser Ziel ist es, unseren Kunden ein einzigartiges und pers\u00f6nliches Erlebnis zu bieten.<br \/>\nJedes Kleid, das wir anfertigen, ist eine Ma\u00dfanfertigung, die die Figur und den Geschmack der Tr\u00e4gerin optimal zur Geltung bringt.<br \/>\nWir arbeiten eng mit unseren Kunden zusammen, h\u00f6ren uns ihre Bed\u00fcrfnisse und Vorlieben an, um Kleidungsst\u00fccke zu entwerfen, die nicht nur perfekt zu ihrem K\u00f6rper passen, sondern auch ihre Geschichte erz\u00e4hlen.  <\/p>\n<p>Wir sind stolz darauf, die italienische Schneiderkunst fortzuf\u00fchren, indem wir Tradition und Moderne zu zeitlosen Kleidungsst\u00fccken verbinden.<\/p>\n\t\t\t\t\t\t<\/div>\n\t\t\t\t<\/div>\n\t\t\t\t\t<\/div>\n\t\t\t\t<\/div>\n\t\t\t\t<\/div>\n\t\t","protected":false},"excerpt":{"rendered":"<p>Sartoriale MILANO Linie, wo Eleganz auf Tradition und Innovation auf Handwerkskunst trifft. Unsere Leidenschaft ist es, einzigartige Kleidung zu kreieren, die die Pers\u00f6nlichkeit und den Stil des Tr\u00e4gers zum Ausdruck bringt. Unsere Geschichte entspringt einer Leidenschaft f\u00fcr die Schneiderkunst, die von Generation zu Generation weitergegeben wird. Jedes unserer Kleidungsst\u00fccke ist das Ergebnis stundenlanger, akribischer Arbeit, &#8230; <a title=\"\u00dcber uns\" class=\"read-more\" href=\"http:\/\/lineasartoriale.com\/de\/chi-siamo\/\" aria-label=\"Mehr Informationen \u00fcber \u00dcber uns\">Weiterlesen<\/a><\/p>\n","protected":false},"author":1,"featured_media":0,"parent":0,"menu_order":0,"comment_status":"closed","ping_status":"closed","template":"elementor_header_footer","meta":{"footnotes":""},"class_list":["post-1386","page","type-page","status-publish"],"_links":{"self":[{"href":"http:\/\/lineasartoriale.com\/de\/wp-json\/wp\/v2\/pages\/1386"}],"collection":[{"href":"http:\/\/lineasartoriale.com\/de\/wp-json\/wp\/v2\/pages"}],"about":[{"href":"http:\/\/lineasartoriale.com\/de\/wp-json\/wp\/v2\/types\/page"}],"author":[{"embeddable":true,"href":"http:\/\/lineasartoriale.com\/de\/wp-json\/wp\/v2\/users\/1"}],"replies":[{"embeddable":true,"href":"http:\/\/lineasartoriale.com\/de\/wp-json\/wp\/v2\/comments?post=1386"}],"version-history":[{"count":2,"href":"http:\/\/lineasartoriale.com\/de\/wp-json\/wp\/v2\/pages\/1386\/revisions"}],"predecessor-version":[{"id":1429,"href":"http:\/\/lineasartoriale.com\/de\/wp-json\/wp\/v2\/pages\/1386\/revisions\/1429"}],"wp:attachment":[{"href":"http:\/\/lineasartoriale.com\/de\/wp-json\/wp\/v2\/media?parent=1386"}],"curies":[{"name":"wp","href":"https:\/\/api.w.org\/{rel}","templated":true}]}}